{"id":206,"date":"2022-01-18T10:40:54","date_gmt":"2022-01-18T10:40:54","guid":{"rendered":"https:\/\/seckinger-weine.de\/mamp\/impressum-2\/"},"modified":"2022-01-18T16:18:54","modified_gmt":"2022-01-18T16:18:54","slug":"impressum","status":"publish","type":"page","link":"https:\/\/seckinger-weine.de\/en\/impressum\/","title":{"rendered":"Site notice"},"content":{"rendered":"<div data-elementor-type=\"wp-page\" data-elementor-id=\"206\" class=\"elementor elementor-206\" data-elementor-settings=\"[]\">\n\t\t\t\t\t\t\t<div class=\"elementor-section-wrap\">\n\t\t\t\t\t\t\t<section class=\"elementor-section elementor-top-section elementor-element elementor-element-283b0b46 elementor-section-boxed elementor-section-height-default elementor-section-height-default\" data-id=\"283b0b46\" data-element_type=\"section\" data-settings=\"{&quot;jet_parallax_layout_list&quot;:[{&quot;jet_parallax_layout_image&quot;:{&quot;url&quot;:&quot;&quot;,&quot;id&quot;:&quot;&quot;},&quot;_id&quot;:&quot;4cc3483&quot;,&quot;jet_parallax_layout_image_tablet&quot;:{&quot;url&quot;:&quot;&quot;,&quot;id&quot;:&quot;&quot;},&quot;jet_parallax_layout_image_mobile&quot;:{&quot;url&quot;:&quot;&quot;,&quot;id&quot;:&quot;&quot;},&quot;jet_parallax_layout_speed&quot;:{&quot;unit&quot;:&quot;%&quot;,&quot;size&quot;:50,&quot;sizes&quot;:[]},&quot;jet_parallax_layout_type&quot;:&quot;scroll&quot;,&quot;jet_parallax_layout_direction&quot;:null,&quot;jet_parallax_layout_fx_direction&quot;:null,&quot;jet_parallax_layout_z_index&quot;:&quot;&quot;,&quot;jet_parallax_layout_bg_x&quot;:50,&quot;jet_parallax_layout_bg_x_tablet&quot;:&quot;&quot;,&quot;jet_parallax_layout_bg_x_mobile&quot;:&quot;&quot;,&quot;jet_parallax_layout_bg_y&quot;:50,&quot;jet_parallax_layout_bg_y_tablet&quot;:&quot;&quot;,&quot;jet_parallax_layout_bg_y_mobile&quot;:&quot;&quot;,&quot;jet_parallax_layout_bg_size&quot;:&quot;auto&quot;,&quot;jet_parallax_layout_bg_size_tablet&quot;:&quot;&quot;,&quot;jet_parallax_layout_bg_size_mobile&quot;:&quot;&quot;,&quot;jet_parallax_layout_animation_prop&quot;:&quot;transform&quot;,&quot;jet_parallax_layout_on&quot;:[&quot;desktop&quot;,&quot;tablet&quot;]}]}\">\n\t\t\t\t\t\t<div class=\"elementor-container elementor-column-gap-default\">\n\t\t\t\t\t<div class=\"elementor-column elementor-col-100 elementor-top-column elementor-element elementor-element-32892a61\" data-id=\"32892a61\" data-element_type=\"column\">\n\t\t\t<div class=\"elementor-widget-wrap elementor-element-populated\">\n\t\t\t\t\t\t\t\t<div class=\"elementor-element elementor-element-1f6d07bd elementor-widget elementor-widget-spacer\" data-id=\"1f6d07bd\" data-element_type=\"widget\" data-widget_type=\"spacer.default\">\n\t\t\t\t\t\t<div class=\"elementor-widget-container\">\n\t\t\t\t\t<div class=\"elementor-spacer\">\n\t\t\t<div class=\"elementor-spacer-inner\"><\/div>\n\t\t<\/div>\n\t\t\t\t<\/div>\n\t\t\t\t<\/div>\n\t\t\t\t\t<\/div>\n\t\t<\/div>\n\t\t\t\t\t\t\t<\/div>\n\t\t<\/section>\n\t\t\t\t<section class=\"elementor-section elementor-top-section elementor-element elementor-element-1ccf968a elementor-section-height-min-height elementor-section-items-top elementor-section-boxed elementor-section-height-default\" data-id=\"1ccf968a\" data-element_type=\"section\" data-settings=\"{&quot;jet_parallax_layout_list&quot;:[{&quot;jet_parallax_layout_image&quot;:{&quot;url&quot;:&quot;&quot;,&quot;id&quot;:&quot;&quot;},&quot;_id&quot;:&quot;7d01e36&quot;,&quot;jet_parallax_layout_image_tablet&quot;:{&quot;url&quot;:&quot;&quot;,&quot;id&quot;:&quot;&quot;},&quot;jet_parallax_layout_image_mobile&quot;:{&quot;url&quot;:&quot;&quot;,&quot;id&quot;:&quot;&quot;},&quot;jet_parallax_layout_speed&quot;:{&quot;unit&quot;:&quot;%&quot;,&quot;size&quot;:50,&quot;sizes&quot;:[]},&quot;jet_parallax_layout_type&quot;:&quot;scroll&quot;,&quot;jet_parallax_layout_direction&quot;:null,&quot;jet_parallax_layout_fx_direction&quot;:null,&quot;jet_parallax_layout_z_index&quot;:&quot;&quot;,&quot;jet_parallax_layout_bg_x&quot;:50,&quot;jet_parallax_layout_bg_x_tablet&quot;:&quot;&quot;,&quot;jet_parallax_layout_bg_x_mobile&quot;:&quot;&quot;,&quot;jet_parallax_layout_bg_y&quot;:50,&quot;jet_parallax_layout_bg_y_tablet&quot;:&quot;&quot;,&quot;jet_parallax_layout_bg_y_mobile&quot;:&quot;&quot;,&quot;jet_parallax_layout_bg_size&quot;:&quot;auto&quot;,&quot;jet_parallax_layout_bg_size_tablet&quot;:&quot;&quot;,&quot;jet_parallax_layout_bg_size_mobile&quot;:&quot;&quot;,&quot;jet_parallax_layout_animation_prop&quot;:&quot;transform&quot;,&quot;jet_parallax_layout_on&quot;:[&quot;desktop&quot;,&quot;tablet&quot;]}]}\">\n\t\t\t\t\t\t<div class=\"elementor-container elementor-column-gap-extended\">\n\t\t\t\t\t<div class=\"elementor-column elementor-col-50 elementor-top-column elementor-element elementor-element-5aa5d640\" data-id=\"5aa5d640\" data-element_type=\"column\">\n\t\t\t<div class=\"elementor-widget-wrap elementor-element-populated\">\n\t\t\t\t\t\t\t\t<div class=\"elementor-element elementor-element-eda99a5 elementor-widget elementor-widget-text-editor\" data-id=\"eda99a5\" data-element_type=\"widget\" data-widget_type=\"text-editor.default\">\n\t\t\t\t\t\t<div class=\"elementor-widget-container\">\n\t\t\t<style>\/*! elementor - v3.5.3 - 28-12-2021 *\/\n.elementor-widget-text-editor.elementor-drop-cap-view-stacked .elementor-drop-cap{background-color:#818a91;color:#fff}.elementor-widget-text-editor.elementor-drop-cap-view-framed .elementor-drop-cap{color:#818a91;border:3px solid;background-color:transparent}.elementor-widget-text-editor:not(.elementor-drop-cap-view-default) .elementor-drop-cap{margin-top:8px}.elementor-widget-text-editor:not(.elementor-drop-cap-view-default) .elementor-drop-cap-letter{width:1em;height:1em}.elementor-widget-text-editor .elementor-drop-cap{float:left;text-align:center;line-height:1;font-size:50px}.elementor-widget-text-editor .elementor-drop-cap-letter{display:inline-block}<\/style>\t\t\t\t<p>Site notice<br \/>Information pursuant to Sect. 5 German Telemedia Act (TMG)<br \/>Weingut Josef Seckinger<br \/>Hintergasse 26<br \/>67150 Niederkirchen<\/p><p>Represented by:<br \/>Josef Seckinger<\/p><p>contact<br \/>Phone: 06326 980217<br \/>E-mail: <a href=\"mailto:info@weingut-seckinger.de\" target=\"_blank\" rel=\"noopener\">info@weingut-seckinger.de<\/a><\/p><p>VAT ID<br \/>Sales tax identification number according to Sect. 27 a of the Sales Tax Law:<br \/>DE279842385<\/p><p>Supervisory authority<br \/>Ministerium f\u00fcr Umwelt, Landwirtschaft, Ernaehrung, Weinbau und Forsten<br \/>Wir gehoeren der Landwirtschaftskammer Rheinland-Pfalz an, Burgenlandstr. 7, 55543 Bad-Kreuznach.<br \/>Die gesetzliche Grundlage unserer Taetigkeit bildet das Weingesetz (WeinG).<br \/>\u00d6ko-Kontrollstelle: DE-\u00d6KO-039<\/p>\t\t\t\t\t\t<\/div>\n\t\t\t\t<\/div>\n\t\t\t\t<div class=\"elementor-element elementor-element-2b57e818 elementor-widget elementor-widget-spacer\" data-id=\"2b57e818\" data-element_type=\"widget\" data-widget_type=\"spacer.default\">\n\t\t\t\t\t\t<div class=\"elementor-widget-container\">\n\t\t\t\t\t<div class=\"elementor-spacer\">\n\t\t\t<div class=\"elementor-spacer-inner\"><\/div>\n\t\t<\/div>\n\t\t\t\t<\/div>\n\t\t\t\t<\/div>\n\t\t\t\t\t<\/div>\n\t\t<\/div>\n\t\t\t\t<div class=\"elementor-column elementor-col-50 elementor-top-column elementor-element elementor-element-4b677881\" data-id=\"4b677881\" data-element_type=\"column\">\n\t\t\t<div class=\"elementor-widget-wrap elementor-element-populated\">\n\t\t\t\t\t\t\t\t<div class=\"elementor-element elementor-element-34c51227 elementor-widget elementor-widget-text-editor\" data-id=\"34c51227\" data-element_type=\"widget\" data-widget_type=\"text-editor.default\">\n\t\t\t\t\t\t<div class=\"elementor-widget-container\">\n\t\t\t\t\t\t\tPerson responsible for editorial\nJosef Seckinger\n\nEU dispute resolution\nThe European Commission provides a platform for online dispute resolution (ODR):\nhttps:\/\/ec.europa.eu\/consumers\/odr\/.\nOur e-mail address can be found above in the site notice.\n\nDispute resolution proceedings in front of a consumer arbitration board\nWe are not willing or obliged to participate in dispute resolution proceedings in front of a consumer arbitration board. <a href=\"https:\/\/ec.europa.eu\/consumers\/odr\/\" target=\"_blank\" rel=\"noopener\">https:\/\/ec.europa.eu<\/a>. Verbraucherstreitbeilegung\/Universalschlichtungsstelle Wir sind nicht bereit oder verpflichtet, an Streitbeilegungsverfahren vor einer Verbraucherschlichtungsstelle teilzunehmen.\t\t\t\t\t\t<\/div>\n\t\t\t\t<\/div>\n\t\t\t\t<div class=\"elementor-element elementor-element-4cad57fd elementor-widget elementor-widget-text-editor\" data-id=\"4cad57fd\" data-element_type=\"widget\" data-widget_type=\"text-editor.default\">\n\t\t\t\t\t\t<div class=\"elementor-widget-container\">\n\t\t\t\t\t\t\t<p>Konzeption\/Gestaltung\/Programmierung<br \/>KGP Visuelle Kommunikation GmbH<br \/>Konrad Gustav Paula<br \/><a href=\"https:\/\/kgp.de\/\" target=\"_blank\" rel=\"noopener\">www.kgp.de<\/a><\/p><p>Fotos<br \/>Tilo Wiedensohler <a href=\"https:\/\/www.tilowiedensohler.com\" target=\"_blank\" rel=\"noopener\">www.tilowiedensohler.com<\/a><\/p>\t\t\t\t\t\t<\/div>\n\t\t\t\t<\/div>\n\t\t\t\t\t<\/div>\n\t\t<\/div>\n\t\t\t\t\t\t\t<\/div>\n\t\t<\/section>\n\t\t\t\t\t\t<\/div>\n\t\t\t\t\t<\/div>","protected":false},"excerpt":{"rendered":"<p>Impressum Angaben gem\u00e4\u00df \u00a7 5 TMG Weingut Josef Seckinger Hintergasse 26 67150 Niederkirchen Vertreten durch: Josef Seckinger Kontakt Telefon: 06326 980217 E-Mail: info@weingut-seckinger.de Umsatzsteuer-ID Umsatzsteuer-Identifikationsnummer gem\u00e4\u00df \u00a7 27 a Umsatzsteuergesetz: DE279842385 Aufsichtsbeh\u00f6rde: Ministerium f\u00fcr Umwelt, Landwirtschaft, Ern\u00e4hrung, Weinbau und Forsten Wir geh\u00f6ren der Landwirtschaftskammer Rheinland-Pfalz an, Burgenlandstr. 7, 55543 Bad-Kreuznach. Die gesetzliche Grundlage unserer T\u00e4tigkeit &hellip;<\/p>\n<p class=\"read-more\"> <a class=\"\" href=\"https:\/\/seckinger-weine.de\/en\/impressum\/\"> <span class=\"screen-reader-text\">Site notice<\/span> Read More &raquo;<\/a><\/p>","protected":false},"author":1,"featured_media":0,"parent":0,"menu_order":0,"comment_status":"closed","ping_status":"closed","template":"elementor_header_footer","meta":{"site-sidebar-layout":"default","site-content-layout":"boxed-container","ast-main-header-display":"","ast-hfb-above-header-display":"","ast-hfb-below-header-display":"","ast-hfb-mobile-header-display":"","site-post-title":"","ast-breadcrumbs-content":"","ast-featured-img":"","footer-sml-layout":"disabled","theme-transparent-header-meta":"","adv-header-id-meta":"","stick-header-meta":"","header-above-stick-meta":"","header-main-stick-meta":"","header-below-stick-meta":"","footnotes":""},"yoast_head":"<!-- This site is optimized with the Yoast SEO plugin v17.9 - https:\/\/yoast.com\/wordpress\/plugins\/seo\/ -->\n<title>Impressum - Weingut Seckinger \u2013 Niederkirchen \/ Pfalz<\/title>\n<meta name=\"robots\" content=\"index, follow, max-snippet:-1, max-image-preview:large, max-video-preview:-1\" \/>\n<link rel=\"canonical\" href=\"https:\/\/seckinger-weine.de\/en\/impressum\/\" \/>\n<meta property=\"og:locale\" content=\"en_US\" \/>\n<meta property=\"og:type\" content=\"article\" \/>\n<meta property=\"og:title\" content=\"Impressum - Weingut Seckinger \u2013 Niederkirchen \/ Pfalz\" \/>\n<meta property=\"og:description\" content=\"Impressum Angaben gem\u00e4\u00df \u00a7 5 TMG Weingut Josef Seckinger Hintergasse 26 67150 Niederkirchen Vertreten durch: Josef Seckinger Kontakt Telefon: 06326 980217 E-Mail: info@weingut-seckinger.de Umsatzsteuer-ID Umsatzsteuer-Identifikationsnummer gem\u00e4\u00df \u00a7 27 a Umsatzsteuergesetz: DE279842385 Aufsichtsbeh\u00f6rde: Ministerium f\u00fcr Umwelt, Landwirtschaft, Ern\u00e4hrung, Weinbau und Forsten Wir geh\u00f6ren der Landwirtschaftskammer Rheinland-Pfalz an, Burgenlandstr. 7, 55543 Bad-Kreuznach. Die gesetzliche Grundlage unserer T\u00e4tigkeit &hellip; Impressum Read More &raquo;\" \/>\n<meta property=\"og:url\" content=\"https:\/\/seckinger-weine.de\/en\/impressum\/\" \/>\n<meta property=\"og:site_name\" content=\"Weingut Seckinger \u2013 Niederkirchen \/ Pfalz\" \/>\n<meta property=\"article:publisher\" content=\"https:\/\/www.facebook.com\/weingut.seckinger\" \/>\n<meta property=\"article:modified_time\" content=\"2022-01-18T16:18:54+00:00\" \/>\n<meta property=\"og:image\" content=\"https:\/\/seckinger-weine.de\/wp-content\/uploads\/2022\/01\/TW-Seckinger2021-267.jpeg\" \/>\n\t<meta property=\"og:image:width\" content=\"1920\" \/>\n\t<meta property=\"og:image:height\" content=\"1280\" \/>\n\t<meta property=\"og:image:type\" content=\"image\/jpeg\" \/>\n<meta name=\"twitter:card\" content=\"summary_large_image\" \/>\n<meta name=\"twitter:label1\" content=\"Est. reading time\" \/>\n\t<meta name=\"twitter:data1\" content=\"1 minute\" \/>\n<script type=\"application\/ld+json\" class=\"yoast-schema-graph\">{\"@context\":\"https:\/\/schema.org\",\"@graph\":[{\"@type\":\"Organization\",\"@id\":\"https:\/\/seckinger-weine.de\/#organization\",\"name\":\"Weingut Josef Seckinger\",\"url\":\"https:\/\/seckinger-weine.de\/\",\"sameAs\":[\"https:\/\/www.facebook.com\/weingut.seckinger\"],\"logo\":{\"@type\":\"ImageObject\",\"@id\":\"https:\/\/seckinger-weine.de\/#logo\",\"inLanguage\":\"en-US\",\"url\":\"https:\/\/seckinger-weine.de\/wp-content\/uploads\/2021\/11\/seckinger-logo.svg\",\"contentUrl\":\"https:\/\/seckinger-weine.de\/wp-content\/uploads\/2021\/11\/seckinger-logo.svg\",\"width\":156.586000000000012732925824820995330810546875,\"height\":71.13200000000000500222085975110530853271484375,\"caption\":\"Weingut Josef Seckinger\"},\"image\":{\"@id\":\"https:\/\/seckinger-weine.de\/#logo\"}},{\"@type\":\"WebSite\",\"@id\":\"https:\/\/seckinger-weine.de\/#website\",\"url\":\"https:\/\/seckinger-weine.de\/\",\"name\":\"Weingut Seckinger \\u2013 Niederkirchen \/ Pfalz\",\"description\":\"Weine aus den besten Lagen der Mittelhaardt\",\"publisher\":{\"@id\":\"https:\/\/seckinger-weine.de\/#organization\"},\"potentialAction\":[{\"@type\":\"SearchAction\",\"target\":{\"@type\":\"EntryPoint\",\"urlTemplate\":\"https:\/\/seckinger-weine.de\/?s={search_term_string}\"},\"query-input\":\"required name=search_term_string\"}],\"inLanguage\":\"en-US\"},{\"@type\":\"WebPage\",\"@id\":\"https:\/\/seckinger-weine.de\/impressum\/#webpage\",\"url\":\"https:\/\/seckinger-weine.de\/impressum\/\",\"name\":\"Impressum - Weingut Seckinger \\u2013 Niederkirchen \/ Pfalz\",\"isPartOf\":{\"@id\":\"https:\/\/seckinger-weine.de\/#website\"},\"datePublished\":\"2022-01-18T10:40:54+00:00\",\"dateModified\":\"2022-01-18T16:18:54+00:00\",\"breadcrumb\":{\"@id\":\"https:\/\/seckinger-weine.de\/impressum\/#breadcrumb\"},\"inLanguage\":\"en-US\",\"potentialAction\":[{\"@type\":\"ReadAction\",\"target\":[\"https:\/\/seckinger-weine.de\/impressum\/\"]}]},{\"@type\":\"BreadcrumbList\",\"@id\":\"https:\/\/seckinger-weine.de\/impressum\/#breadcrumb\",\"itemListElement\":[{\"@type\":\"ListItem\",\"position\":1,\"name\":\"Startseite\",\"item\":\"https:\/\/seckinger-weine.de\/\"},{\"@type\":\"ListItem\",\"position\":2,\"name\":\"Impressum\"}]}]}<\/script>\n<!-- \/ Yoast SEO plugin. -->","yoast_head_json":{"title":"Impressum - Weingut Seckinger \u2013 Niederkirchen \/ Pfalz","robots":{"index":"index","follow":"follow","max-snippet":"max-snippet:-1","max-image-preview":"max-image-preview:large","max-video-preview":"max-video-preview:-1"},"canonical":"https:\/\/seckinger-weine.de\/en\/impressum\/","og_locale":"en_US","og_type":"article","og_title":"Impressum - Weingut Seckinger \u2013 Niederkirchen \/ Pfalz","og_description":"Impressum Angaben gem\u00e4\u00df \u00a7 5 TMG Weingut Josef Seckinger Hintergasse 26 67150 Niederkirchen Vertreten durch: Josef Seckinger Kontakt Telefon: 06326 980217 E-Mail: info@weingut-seckinger.de Umsatzsteuer-ID Umsatzsteuer-Identifikationsnummer gem\u00e4\u00df \u00a7 27 a Umsatzsteuergesetz: DE279842385 Aufsichtsbeh\u00f6rde: Ministerium f\u00fcr Umwelt, Landwirtschaft, Ern\u00e4hrung, Weinbau und Forsten Wir geh\u00f6ren der Landwirtschaftskammer Rheinland-Pfalz an, Burgenlandstr. 7, 55543 Bad-Kreuznach. Die gesetzliche Grundlage unserer T\u00e4tigkeit &hellip; Impressum Read More &raquo;","og_url":"https:\/\/seckinger-weine.de\/en\/impressum\/","og_site_name":"Weingut Seckinger \u2013 Niederkirchen \/ Pfalz","article_publisher":"https:\/\/www.facebook.com\/weingut.seckinger","article_modified_time":"2022-01-18T16:18:54+00:00","og_image":[{"width":1920,"height":1280,"url":"https:\/\/seckinger-weine.de\/wp-content\/uploads\/2022\/01\/TW-Seckinger2021-267.jpeg","type":"image\/jpeg"}],"twitter_card":"summary_large_image","twitter_misc":{"Est. reading time":"1 minute"},"schema":{"@context":"https:\/\/schema.org","@graph":[{"@type":"Organization","@id":"https:\/\/seckinger-weine.de\/#organization","name":"Weingut Josef Seckinger","url":"https:\/\/seckinger-weine.de\/","sameAs":["https:\/\/www.facebook.com\/weingut.seckinger"],"logo":{"@type":"ImageObject","@id":"https:\/\/seckinger-weine.de\/#logo","inLanguage":"en-US","url":"https:\/\/seckinger-weine.de\/wp-content\/uploads\/2021\/11\/seckinger-logo.svg","contentUrl":"https:\/\/seckinger-weine.de\/wp-content\/uploads\/2021\/11\/seckinger-logo.svg","width":156.586000000000012732925824820995330810546875,"height":71.13200000000000500222085975110530853271484375,"caption":"Weingut Josef Seckinger"},"image":{"@id":"https:\/\/seckinger-weine.de\/#logo"}},{"@type":"WebSite","@id":"https:\/\/seckinger-weine.de\/#website","url":"https:\/\/seckinger-weine.de\/","name":"Weingut Seckinger \u2013 Niederkirchen \/ Pfalz","description":"Weine aus den besten Lagen der Mittelhaardt","publisher":{"@id":"https:\/\/seckinger-weine.de\/#organization"},"potentialAction":[{"@type":"SearchAction","target":{"@type":"EntryPoint","urlTemplate":"https:\/\/seckinger-weine.de\/?s={search_term_string}"},"query-input":"required name=search_term_string"}],"inLanguage":"en-US"},{"@type":"WebPage","@id":"https:\/\/seckinger-weine.de\/impressum\/#webpage","url":"https:\/\/seckinger-weine.de\/impressum\/","name":"Impressum - Weingut Seckinger \u2013 Niederkirchen \/ Pfalz","isPartOf":{"@id":"https:\/\/seckinger-weine.de\/#website"},"datePublished":"2022-01-18T10:40:54+00:00","dateModified":"2022-01-18T16:18:54+00:00","breadcrumb":{"@id":"https:\/\/seckinger-weine.de\/impressum\/#breadcrumb"},"inLanguage":"en-US","potentialAction":[{"@type":"ReadAction","target":["https:\/\/seckinger-weine.de\/impressum\/"]}]},{"@type":"BreadcrumbList","@id":"https:\/\/seckinger-weine.de\/impressum\/#breadcrumb","itemListElement":[{"@type":"ListItem","position":1,"name":"Startseite","item":"https:\/\/seckinger-weine.de\/"},{"@type":"ListItem","position":2,"name":"Impressum"}]}]}},"_links":{"self":[{"href":"https:\/\/seckinger-weine.de\/en\/wp-json\/wp\/v2\/pages\/206"}],"collection":[{"href":"https:\/\/seckinger-weine.de\/en\/wp-json\/wp\/v2\/pages"}],"about":[{"href":"https:\/\/seckinger-weine.de\/en\/wp-json\/wp\/v2\/types\/page"}],"author":[{"embeddable":true,"href":"https:\/\/seckinger-weine.de\/en\/wp-json\/wp\/v2\/users\/1"}],"replies":[{"embeddable":true,"href":"https:\/\/seckinger-weine.de\/en\/wp-json\/wp\/v2\/comments?post=206"}],"version-history":[{"count":0,"href":"https:\/\/seckinger-weine.de\/en\/wp-json\/wp\/v2\/pages\/206\/revisions"}],"wp:attachment":[{"href":"https:\/\/seckinger-weine.de\/en\/wp-json\/wp\/v2\/media?parent=206"}],"curies":[{"name":"wp","href":"https:\/\/api.w.org\/{rel}","templated":true}]}}