{"id":188,"date":"2022-01-18T10:40:52","date_gmt":"2022-01-18T10:40:52","guid":{"rendered":"https:\/\/seckinger-weine.de\/mamp\/eulle\/"},"modified":"2022-09-02T11:13:20","modified_gmt":"2022-09-02T11:13:20","slug":"eulle","status":"publish","type":"page","link":"https:\/\/seckinger-weine.de\/en\/eulle\/","title":{"rendered":"funding"},"content":{"rendered":"<div data-elementor-type=\"wp-page\" data-elementor-id=\"188\" class=\"elementor elementor-188\" data-elementor-settings=\"[]\">\n\t\t\t\t\t\t\t<div class=\"elementor-section-wrap\">\n\t\t\t\t\t\t\t<section class=\"elementor-section elementor-top-section elementor-element elementor-element-45d87b96 elementor-section-boxed elementor-section-height-default elementor-section-height-default\" data-id=\"45d87b96\" data-element_type=\"section\" data-settings=\"{&quot;jet_parallax_layout_list&quot;:[{&quot;jet_parallax_layout_image&quot;:{&quot;url&quot;:&quot;&quot;,&quot;id&quot;:&quot;&quot;},&quot;_id&quot;:&quot;ac14651&quot;,&quot;jet_parallax_layout_image_tablet&quot;:{&quot;url&quot;:&quot;&quot;,&quot;id&quot;:&quot;&quot;},&quot;jet_parallax_layout_image_mobile&quot;:{&quot;url&quot;:&quot;&quot;,&quot;id&quot;:&quot;&quot;},&quot;jet_parallax_layout_speed&quot;:{&quot;unit&quot;:&quot;%&quot;,&quot;size&quot;:50,&quot;sizes&quot;:[]},&quot;jet_parallax_layout_type&quot;:&quot;scroll&quot;,&quot;jet_parallax_layout_direction&quot;:null,&quot;jet_parallax_layout_fx_direction&quot;:null,&quot;jet_parallax_layout_z_index&quot;:&quot;&quot;,&quot;jet_parallax_layout_bg_x&quot;:50,&quot;jet_parallax_layout_bg_x_tablet&quot;:&quot;&quot;,&quot;jet_parallax_layout_bg_x_mobile&quot;:&quot;&quot;,&quot;jet_parallax_layout_bg_y&quot;:50,&quot;jet_parallax_layout_bg_y_tablet&quot;:&quot;&quot;,&quot;jet_parallax_layout_bg_y_mobile&quot;:&quot;&quot;,&quot;jet_parallax_layout_bg_size&quot;:&quot;auto&quot;,&quot;jet_parallax_layout_bg_size_tablet&quot;:&quot;&quot;,&quot;jet_parallax_layout_bg_size_mobile&quot;:&quot;&quot;,&quot;jet_parallax_layout_animation_prop&quot;:&quot;transform&quot;,&quot;jet_parallax_layout_on&quot;:[&quot;desktop&quot;,&quot;tablet&quot;]}]}\">\n\t\t\t\t\t\t<div class=\"elementor-container elementor-column-gap-default\">\n\t\t\t\t\t<div class=\"elementor-column elementor-col-100 elementor-top-column elementor-element elementor-element-2d919210\" data-id=\"2d919210\" data-element_type=\"column\">\n\t\t\t<div class=\"elementor-widget-wrap elementor-element-populated\">\n\t\t\t\t\t\t\t\t<div class=\"elementor-element elementor-element-708b4490 elementor-widget elementor-widget-spacer\" data-id=\"708b4490\" data-element_type=\"widget\" data-widget_type=\"spacer.default\">\n\t\t\t\t\t\t<div class=\"elementor-widget-container\">\n\t\t\t\t\t<div class=\"elementor-spacer\">\n\t\t\t<div class=\"elementor-spacer-inner\"><\/div>\n\t\t<\/div>\n\t\t\t\t<\/div>\n\t\t\t\t<\/div>\n\t\t\t\t<div class=\"elementor-element elementor-element-73a90b76 elementor-widget elementor-widget-heading\" data-id=\"73a90b76\" data-element_type=\"widget\" data-widget_type=\"heading.default\">\n\t\t\t\t\t\t<div class=\"elementor-widget-container\">\n\t\t\t<style>\/*! elementor - v3.5.3 - 28-12-2021 *\/\n.elementor-heading-title{padding:0;margin:0;line-height:1}.elementor-widget-heading .elementor-heading-title[class*=elementor-size-]>a{color:inherit;font-size:inherit;line-height:inherit}.elementor-widget-heading .elementor-heading-title.elementor-size-small{font-size:15px}.elementor-widget-heading .elementor-heading-title.elementor-size-medium{font-size:19px}.elementor-widget-heading .elementor-heading-title.elementor-size-large{font-size:29px}.elementor-widget-heading .elementor-heading-title.elementor-size-xl{font-size:39px}.elementor-widget-heading .elementor-heading-title.elementor-size-xxl{font-size:59px}<\/style><h2 class=\"elementor-heading-title elementor-size-default\">EPLR EULLE PUBLIZIT\u00c4T<br>\n1. KOFINAN\u00adZIERUNG DURCH LAND UND BUND IM RAHMEN DER GAK<\/h2>\t\t<\/div>\n\t\t\t\t<\/div>\n\t\t\t\t<div class=\"elementor-element elementor-element-455b7f5c elementor-widget elementor-widget-text-editor\" data-id=\"455b7f5c\" data-element_type=\"widget\" data-widget_type=\"text-editor.default\">\n\t\t\t\t\t\t<div class=\"elementor-widget-container\">\n\t\t\t<style>\/*! elementor - v3.5.3 - 28-12-2021 *\/\n.elementor-widget-text-editor.elementor-drop-cap-view-stacked .elementor-drop-cap{background-color:#818a91;color:#fff}.elementor-widget-text-editor.elementor-drop-cap-view-framed .elementor-drop-cap{color:#818a91;border:3px solid;background-color:transparent}.elementor-widget-text-editor:not(.elementor-drop-cap-view-default) .elementor-drop-cap{margin-top:8px}.elementor-widget-text-editor:not(.elementor-drop-cap-view-default) .elementor-drop-cap-letter{width:1em;height:1em}.elementor-widget-text-editor .elementor-drop-cap{float:left;text-align:center;line-height:1;font-size:50px}.elementor-widget-text-editor .elementor-drop-cap-letter{display:inline-block}<\/style>\t\t\t\t<h5 style=\"margin-bottom: 6px; font-variant-numeric: normal; font-variant-east-asian: normal; font-stretch: normal; line-height: normal;\"><span style=\"font-family: Helvetica;\"><span style=\"font-size: 12px;\">Unser Unternehmen Weingut Seckinger erh\u00e4lt im Rahmen des vom Ministerium f\u00fcr Wirtschaft, Verkehr, Landwirtschaft und Weinbau verwalteten rheinland-pf\u00e4lzischen Entwicklungsprogramms \u201eUmweltma\u00dfnahmen, L\u00e4ndliche Entwicklung, Landwirtschaft, Ern\u00e4hrung\u201c (EULLE) durch den Europ\u00e4ischen Landwirtschaftsfonds f\u00fcr die Entwicklung des l\u00e4ndlichen Raums (ELER) kofinanziert <\/span><\/span><span style=\"font-family: Helvetica;\"><span style=\"font-size: 12px;\">durch das Land und den Bund im Rahmen der Gemeinschaftsaufgabe \u201eVerbesserung der Agrarstruktur und des K\u00fcstenschutzes\u201c (GAK) eine F\u00f6rderung f\u00fcr seine Leistungen:<\/span><\/span><\/h5><h5 style=\"margin-bottom: 6px; font-variant-numeric: normal; font-variant-east-asian: normal; font-stretch: normal; line-height: normal;\"><strong><span style=\"font-family: Helvetica;\"><span style=\"font-size: 12px;\">im \u00d6kologischen Landbau\u00a0<\/span><\/span><\/strong><\/h5>\t\t\t\t\t\t<\/div>\n\t\t\t\t<\/div>\n\t\t\t\t<div class=\"elementor-element elementor-element-6a075863 elementor-widget elementor-widget-spacer\" data-id=\"6a075863\" data-element_type=\"widget\" data-widget_type=\"spacer.default\">\n\t\t\t\t\t\t<div class=\"elementor-widget-container\">\n\t\t\t\t\t<div class=\"elementor-spacer\">\n\t\t\t<div class=\"elementor-spacer-inner\"><\/div>\n\t\t<\/div>\n\t\t\t\t<\/div>\n\t\t\t\t<\/div>\n\t\t\t\t\t<\/div>\n\t\t<\/div>\n\t\t\t\t\t\t\t<\/div>\n\t\t<\/section>\n\t\t\t\t<section class=\"elementor-section elementor-top-section elementor-element elementor-element-6ef615f0 elementor-section-boxed elementor-section-height-default elementor-section-height-default\" data-id=\"6ef615f0\" data-element_type=\"section\" data-settings=\"{&quot;jet_parallax_layout_list&quot;:[{&quot;jet_parallax_layout_image&quot;:{&quot;url&quot;:&quot;&quot;,&quot;id&quot;:&quot;&quot;},&quot;_id&quot;:&quot;fc8947d&quot;,&quot;jet_parallax_layout_image_tablet&quot;:{&quot;url&quot;:&quot;&quot;,&quot;id&quot;:&quot;&quot;},&quot;jet_parallax_layout_image_mobile&quot;:{&quot;url&quot;:&quot;&quot;,&quot;id&quot;:&quot;&quot;},&quot;jet_parallax_layout_speed&quot;:{&quot;unit&quot;:&quot;%&quot;,&quot;size&quot;:50,&quot;sizes&quot;:[]},&quot;jet_parallax_layout_type&quot;:&quot;scroll&quot;,&quot;jet_parallax_layout_direction&quot;:null,&quot;jet_parallax_layout_fx_direction&quot;:null,&quot;jet_parallax_layout_z_index&quot;:&quot;&quot;,&quot;jet_parallax_layout_bg_x&quot;:50,&quot;jet_parallax_layout_bg_x_tablet&quot;:&quot;&quot;,&quot;jet_parallax_layout_bg_x_mobile&quot;:&quot;&quot;,&quot;jet_parallax_layout_bg_y&quot;:50,&quot;jet_parallax_layout_bg_y_tablet&quot;:&quot;&quot;,&quot;jet_parallax_layout_bg_y_mobile&quot;:&quot;&quot;,&quot;jet_parallax_layout_bg_size&quot;:&quot;auto&quot;,&quot;jet_parallax_layout_bg_size_tablet&quot;:&quot;&quot;,&quot;jet_parallax_layout_bg_size_mobile&quot;:&quot;&quot;,&quot;jet_parallax_layout_animation_prop&quot;:&quot;transform&quot;,&quot;jet_parallax_layout_on&quot;:[&quot;desktop&quot;,&quot;tablet&quot;]}]}\">\n\t\t\t\t\t\t<div class=\"elementor-container elementor-column-gap-no\">\n\t\t\t\t\t<div class=\"elementor-column elementor-col-33 elementor-top-column elementor-element elementor-element-5feca2d3\" data-id=\"5feca2d3\" data-element_type=\"column\">\n\t\t\t<div class=\"elementor-widget-wrap elementor-element-populated\">\n\t\t\t\t\t\t\t\t<div class=\"elementor-element elementor-element-5a7b030c elementor-widget elementor-widget-image\" data-id=\"5a7b030c\" data-element_type=\"widget\" data-widget_type=\"image.default\">\n\t\t\t\t\t\t<div class=\"elementor-widget-container\">\n\t\t\t<style>\/*! elementor - v3.5.3 - 28-12-2021 *\/\n.elementor-widget-image{text-align:center}.elementor-widget-image a{display:inline-block}.elementor-widget-image a img[src$=\".svg\"]{width:48px}.elementor-widget-image img{vertical-align:middle;display:inline-block}<\/style>\t\t\t\t\t\t\t\t\t\t\t\t<img decoding=\"async\" loading=\"lazy\" width=\"414\" height=\"244\" src=\"https:\/\/seckinger-weine.de\/wp-content\/uploads\/2022\/08\/RLP.png\" class=\"attachment-large size-large\" alt=\"\" srcset=\"https:\/\/seckinger-weine.de\/wp-content\/uploads\/2022\/08\/RLP.png 414w, https:\/\/seckinger-weine.de\/wp-content\/uploads\/2022\/08\/RLP-300x177.png 300w\" sizes=\"(max-width: 414px) 100vw, 414px\" \/>\t\t\t\t\t\t\t\t\t\t\t\t\t\t\t<\/div>\n\t\t\t\t<\/div>\n\t\t\t\t\t<\/div>\n\t\t<\/div>\n\t\t\t\t<div class=\"elementor-column elementor-col-33 elementor-top-column elementor-element elementor-element-293370da\" data-id=\"293370da\" data-element_type=\"column\">\n\t\t\t<div class=\"elementor-widget-wrap elementor-element-populated\">\n\t\t\t\t\t\t\t\t<div class=\"elementor-element elementor-element-52ad95ee elementor-widget elementor-widget-image\" data-id=\"52ad95ee\" data-element_type=\"widget\" data-widget_type=\"image.default\">\n\t\t\t\t\t\t<div class=\"elementor-widget-container\">\n\t\t\t\t\t\t\t\t\t\t\t\t\t\t\t<img decoding=\"async\" loading=\"lazy\" width=\"792\" height=\"346\" src=\"https:\/\/seckinger-weine.de\/wp-content\/uploads\/2022\/08\/EU-grafik.png\" class=\"attachment-1536x1536 size-1536x1536\" alt=\"\" srcset=\"https:\/\/seckinger-weine.de\/wp-content\/uploads\/2022\/08\/EU-grafik.png 792w, https:\/\/seckinger-weine.de\/wp-content\/uploads\/2022\/08\/EU-grafik-300x131.png 300w, https:\/\/seckinger-weine.de\/wp-content\/uploads\/2022\/08\/EU-grafik-768x336.png 768w\" sizes=\"(max-width: 792px) 100vw, 792px\" \/>\t\t\t\t\t\t\t\t\t\t\t\t\t\t\t<\/div>\n\t\t\t\t<\/div>\n\t\t\t\t\t<\/div>\n\t\t<\/div>\n\t\t\t\t<div class=\"elementor-column elementor-col-33 elementor-top-column elementor-element elementor-element-6028ca46\" data-id=\"6028ca46\" data-element_type=\"column\">\n\t\t\t<div class=\"elementor-widget-wrap elementor-element-populated\">\n\t\t\t\t\t\t\t\t<div class=\"elementor-element elementor-element-376faf5b elementor-widget elementor-widget-image\" data-id=\"376faf5b\" data-element_type=\"widget\" data-widget_type=\"image.default\">\n\t\t\t\t\t\t<div class=\"elementor-widget-container\">\n\t\t\t\t\t\t\t\t\t\t\t\t\t\t\t<img decoding=\"async\" loading=\"lazy\" width=\"1\" height=\"1\" src=\"https:\/\/seckinger-weine.de\/wp-content\/uploads\/2022\/01\/bmel.svg\" class=\"attachment-large size-large\" alt=\"\" \/>\t\t\t\t\t\t\t\t\t\t\t\t\t\t\t<\/div>\n\t\t\t\t<\/div>\n\t\t\t\t\t<\/div>\n\t\t<\/div>\n\t\t\t\t\t\t\t<\/div>\n\t\t<\/section>\n\t\t\t\t\t\t<\/div>\n\t\t\t\t\t<\/div>","protected":false},"excerpt":{"rendered":"<p>EPLR EULLE PUBLIZIT\u00c4T 1. KOFINAN\u00adZIERUNG DURCH LAND UND BUND IM RAHMEN DER GAK Unser Unternehmen Weingut Seckinger erh\u00e4lt im Rahmen des vom Ministerium f\u00fcr Wirtschaft, Verkehr, Landwirtschaft und Weinbau verwalteten rheinland-pf\u00e4lzischen Entwicklungsprogramms \u201eUmweltma\u00dfnahmen, L\u00e4ndliche Entwicklung, Landwirtschaft, Ern\u00e4hrung\u201c (EULLE) durch den Europ\u00e4ischen Landwirtschaftsfonds f\u00fcr die Entwicklung des l\u00e4ndlichen Raums (ELER) kofinanziert durch das Land und den &hellip;<\/p>\n<p class=\"read-more\"> <a class=\"\" href=\"https:\/\/seckinger-weine.de\/en\/eulle\/\"> <span class=\"screen-reader-text\">funding<\/span> Read More &raquo;<\/a><\/p>","protected":false},"author":1,"featured_media":0,"parent":0,"menu_order":0,"comment_status":"closed","ping_status":"closed","template":"elementor_header_footer","meta":{"site-sidebar-layout":"default","site-content-layout":"default","ast-main-header-display":"","ast-hfb-above-header-display":"","ast-hfb-below-header-display":"","ast-hfb-mobile-header-display":"","site-post-title":"","ast-breadcrumbs-content":"","ast-featured-img":"","footer-sml-layout":"","theme-transparent-header-meta":"","adv-header-id-meta":"","stick-header-meta":"","header-above-stick-meta":"","header-main-stick-meta":"","header-below-stick-meta":"","footnotes":""},"yoast_head":"<!-- This site is optimized with the Yoast SEO plugin v17.9 - https:\/\/yoast.com\/wordpress\/plugins\/seo\/ -->\n<title>EULLE - Weingut Seckinger \u2013 Niederkirchen \/ Pfalz<\/title>\n<meta name=\"robots\" content=\"index, follow, max-snippet:-1, max-image-preview:large, max-video-preview:-1\" \/>\n<link rel=\"canonical\" href=\"https:\/\/seckinger-weine.de\/en\/eulle\/\" \/>\n<meta property=\"og:locale\" content=\"en_US\" \/>\n<meta property=\"og:type\" content=\"article\" \/>\n<meta property=\"og:title\" content=\"EULLE - Weingut Seckinger \u2013 Niederkirchen \/ Pfalz\" \/>\n<meta property=\"og:description\" content=\"EPLR EULLE PUBLIZIT\u00c4T 1. KOFINAN\u00adZIERUNG DURCH LAND UND BUND IM RAHMEN DER GAK Unser Unternehmen Weingut Seckinger erh\u00e4lt im Rahmen des vom Ministerium f\u00fcr Wirtschaft, Verkehr, Landwirtschaft und Weinbau verwalteten rheinland-pf\u00e4lzischen Entwicklungsprogramms \u201eUmweltma\u00dfnahmen, L\u00e4ndliche Entwicklung, Landwirtschaft, Ern\u00e4hrung\u201c (EULLE) durch den Europ\u00e4ischen Landwirtschaftsfonds f\u00fcr die Entwicklung des l\u00e4ndlichen Raums (ELER) kofinanziert durch das Land und den &hellip; EULLE Read More &raquo;\" \/>\n<meta property=\"og:url\" content=\"https:\/\/seckinger-weine.de\/en\/eulle\/\" \/>\n<meta property=\"og:site_name\" content=\"Weingut Seckinger \u2013 Niederkirchen \/ Pfalz\" \/>\n<meta property=\"article:publisher\" content=\"https:\/\/www.facebook.com\/weingut.seckinger\" \/>\n<meta property=\"article:modified_time\" content=\"2022-09-02T11:13:20+00:00\" \/>\n<meta property=\"og:image\" content=\"https:\/\/seckinger-weine.de\/wp-content\/uploads\/2022\/08\/RLP.png\" \/>\n<meta name=\"twitter:card\" content=\"summary_large_image\" \/>\n<meta name=\"twitter:label1\" content=\"Est. reading time\" \/>\n\t<meta name=\"twitter:data1\" content=\"2 minutes\" \/>\n<script type=\"application\/ld+json\" class=\"yoast-schema-graph\">{\"@context\":\"https:\/\/schema.org\",\"@graph\":[{\"@type\":\"Organization\",\"@id\":\"https:\/\/seckinger-weine.de\/#organization\",\"name\":\"Weingut Josef Seckinger\",\"url\":\"https:\/\/seckinger-weine.de\/\",\"sameAs\":[\"https:\/\/www.facebook.com\/weingut.seckinger\"],\"logo\":{\"@type\":\"ImageObject\",\"@id\":\"https:\/\/seckinger-weine.de\/#logo\",\"inLanguage\":\"en-US\",\"url\":\"https:\/\/seckinger-weine.de\/wp-content\/uploads\/2021\/11\/seckinger-logo.svg\",\"contentUrl\":\"https:\/\/seckinger-weine.de\/wp-content\/uploads\/2021\/11\/seckinger-logo.svg\",\"width\":156.586000000000012732925824820995330810546875,\"height\":71.13200000000000500222085975110530853271484375,\"caption\":\"Weingut Josef Seckinger\"},\"image\":{\"@id\":\"https:\/\/seckinger-weine.de\/#logo\"}},{\"@type\":\"WebSite\",\"@id\":\"https:\/\/seckinger-weine.de\/#website\",\"url\":\"https:\/\/seckinger-weine.de\/\",\"name\":\"Weingut Seckinger \\u2013 Niederkirchen \/ Pfalz\",\"description\":\"Weine aus den besten Lagen der Mittelhaardt\",\"publisher\":{\"@id\":\"https:\/\/seckinger-weine.de\/#organization\"},\"potentialAction\":[{\"@type\":\"SearchAction\",\"target\":{\"@type\":\"EntryPoint\",\"urlTemplate\":\"https:\/\/seckinger-weine.de\/?s={search_term_string}\"},\"query-input\":\"required name=search_term_string\"}],\"inLanguage\":\"en-US\"},{\"@type\":\"ImageObject\",\"@id\":\"https:\/\/seckinger-weine.de\/eulle\/#primaryimage\",\"inLanguage\":\"en-US\",\"url\":\"https:\/\/seckinger-weine.de\/wp-content\/uploads\/2022\/08\/RLP.png\",\"contentUrl\":\"https:\/\/seckinger-weine.de\/wp-content\/uploads\/2022\/08\/RLP.png\",\"width\":414,\"height\":244},{\"@type\":\"WebPage\",\"@id\":\"https:\/\/seckinger-weine.de\/eulle\/#webpage\",\"url\":\"https:\/\/seckinger-weine.de\/eulle\/\",\"name\":\"EULLE - Weingut Seckinger \\u2013 Niederkirchen \/ Pfalz\",\"isPartOf\":{\"@id\":\"https:\/\/seckinger-weine.de\/#website\"},\"primaryImageOfPage\":{\"@id\":\"https:\/\/seckinger-weine.de\/eulle\/#primaryimage\"},\"datePublished\":\"2022-01-18T10:40:52+00:00\",\"dateModified\":\"2022-09-02T11:13:20+00:00\",\"breadcrumb\":{\"@id\":\"https:\/\/seckinger-weine.de\/eulle\/#breadcrumb\"},\"inLanguage\":\"en-US\",\"potentialAction\":[{\"@type\":\"ReadAction\",\"target\":[\"https:\/\/seckinger-weine.de\/eulle\/\"]}]},{\"@type\":\"BreadcrumbList\",\"@id\":\"https:\/\/seckinger-weine.de\/eulle\/#breadcrumb\",\"itemListElement\":[{\"@type\":\"ListItem\",\"position\":1,\"name\":\"Startseite\",\"item\":\"https:\/\/seckinger-weine.de\/\"},{\"@type\":\"ListItem\",\"position\":2,\"name\":\"EULLE\"}]}]}<\/script>\n<!-- \/ Yoast SEO plugin. -->","yoast_head_json":{"title":"EULLE - Weingut Seckinger \u2013 Niederkirchen \/ Pfalz","robots":{"index":"index","follow":"follow","max-snippet":"max-snippet:-1","max-image-preview":"max-image-preview:large","max-video-preview":"max-video-preview:-1"},"canonical":"https:\/\/seckinger-weine.de\/en\/eulle\/","og_locale":"en_US","og_type":"article","og_title":"EULLE - Weingut Seckinger \u2013 Niederkirchen \/ Pfalz","og_description":"EPLR EULLE PUBLIZIT\u00c4T 1. KOFINAN\u00adZIERUNG DURCH LAND UND BUND IM RAHMEN DER GAK Unser Unternehmen Weingut Seckinger erh\u00e4lt im Rahmen des vom Ministerium f\u00fcr Wirtschaft, Verkehr, Landwirtschaft und Weinbau verwalteten rheinland-pf\u00e4lzischen Entwicklungsprogramms \u201eUmweltma\u00dfnahmen, L\u00e4ndliche Entwicklung, Landwirtschaft, Ern\u00e4hrung\u201c (EULLE) durch den Europ\u00e4ischen Landwirtschaftsfonds f\u00fcr die Entwicklung des l\u00e4ndlichen Raums (ELER) kofinanziert durch das Land und den &hellip; EULLE Read More &raquo;","og_url":"https:\/\/seckinger-weine.de\/en\/eulle\/","og_site_name":"Weingut Seckinger \u2013 Niederkirchen \/ Pfalz","article_publisher":"https:\/\/www.facebook.com\/weingut.seckinger","article_modified_time":"2022-09-02T11:13:20+00:00","og_image":[{"url":"https:\/\/seckinger-weine.de\/wp-content\/uploads\/2022\/08\/RLP.png"}],"twitter_card":"summary_large_image","twitter_misc":{"Est. reading time":"2 minutes"},"schema":{"@context":"https:\/\/schema.org","@graph":[{"@type":"Organization","@id":"https:\/\/seckinger-weine.de\/#organization","name":"Weingut Josef Seckinger","url":"https:\/\/seckinger-weine.de\/","sameAs":["https:\/\/www.facebook.com\/weingut.seckinger"],"logo":{"@type":"ImageObject","@id":"https:\/\/seckinger-weine.de\/#logo","inLanguage":"en-US","url":"https:\/\/seckinger-weine.de\/wp-content\/uploads\/2021\/11\/seckinger-logo.svg","contentUrl":"https:\/\/seckinger-weine.de\/wp-content\/uploads\/2021\/11\/seckinger-logo.svg","width":156.586000000000012732925824820995330810546875,"height":71.13200000000000500222085975110530853271484375,"caption":"Weingut Josef Seckinger"},"image":{"@id":"https:\/\/seckinger-weine.de\/#logo"}},{"@type":"WebSite","@id":"https:\/\/seckinger-weine.de\/#website","url":"https:\/\/seckinger-weine.de\/","name":"Weingut Seckinger \u2013 Niederkirchen \/ Pfalz","description":"Weine aus den besten Lagen der Mittelhaardt","publisher":{"@id":"https:\/\/seckinger-weine.de\/#organization"},"potentialAction":[{"@type":"SearchAction","target":{"@type":"EntryPoint","urlTemplate":"https:\/\/seckinger-weine.de\/?s={search_term_string}"},"query-input":"required name=search_term_string"}],"inLanguage":"en-US"},{"@type":"ImageObject","@id":"https:\/\/seckinger-weine.de\/eulle\/#primaryimage","inLanguage":"en-US","url":"https:\/\/seckinger-weine.de\/wp-content\/uploads\/2022\/08\/RLP.png","contentUrl":"https:\/\/seckinger-weine.de\/wp-content\/uploads\/2022\/08\/RLP.png","width":414,"height":244},{"@type":"WebPage","@id":"https:\/\/seckinger-weine.de\/eulle\/#webpage","url":"https:\/\/seckinger-weine.de\/eulle\/","name":"EULLE - Weingut Seckinger \u2013 Niederkirchen \/ Pfalz","isPartOf":{"@id":"https:\/\/seckinger-weine.de\/#website"},"primaryImageOfPage":{"@id":"https:\/\/seckinger-weine.de\/eulle\/#primaryimage"},"datePublished":"2022-01-18T10:40:52+00:00","dateModified":"2022-09-02T11:13:20+00:00","breadcrumb":{"@id":"https:\/\/seckinger-weine.de\/eulle\/#breadcrumb"},"inLanguage":"en-US","potentialAction":[{"@type":"ReadAction","target":["https:\/\/seckinger-weine.de\/eulle\/"]}]},{"@type":"BreadcrumbList","@id":"https:\/\/seckinger-weine.de\/eulle\/#breadcrumb","itemListElement":[{"@type":"ListItem","position":1,"name":"Startseite","item":"https:\/\/seckinger-weine.de\/"},{"@type":"ListItem","position":2,"name":"EULLE"}]}]}},"_links":{"self":[{"href":"https:\/\/seckinger-weine.de\/en\/wp-json\/wp\/v2\/pages\/188"}],"collection":[{"href":"https:\/\/seckinger-weine.de\/en\/wp-json\/wp\/v2\/pages"}],"about":[{"href":"https:\/\/seckinger-weine.de\/en\/wp-json\/wp\/v2\/types\/page"}],"author":[{"embeddable":true,"href":"https:\/\/seckinger-weine.de\/en\/wp-json\/wp\/v2\/users\/1"}],"replies":[{"embeddable":true,"href":"https:\/\/seckinger-weine.de\/en\/wp-json\/wp\/v2\/comments?post=188"}],"version-history":[{"count":1,"href":"https:\/\/seckinger-weine.de\/en\/wp-json\/wp\/v2\/pages\/188\/revisions"}],"predecessor-version":[{"id":3396,"href":"https:\/\/seckinger-weine.de\/en\/wp-json\/wp\/v2\/pages\/188\/revisions\/3396"}],"wp:attachment":[{"href":"https:\/\/seckinger-weine.de\/en\/wp-json\/wp\/v2\/media?parent=188"}],"curies":[{"name":"wp","href":"https:\/\/api.w.org\/{rel}","templated":true}]}}